{"id":72,"date":"2023-01-17T17:31:35","date_gmt":"2023-01-17T20:31:35","guid":{"rendered":"http:\/\/locacoesalonso.com.br\/?page_id=72"},"modified":"2023-11-22T10:17:36","modified_gmt":"2023-11-22T13:17:36","slug":"sobre-nos","status":"publish","type":"page","link":"https:\/\/locacoesalonso.com.br\/?page_id=72","title":{"rendered":"Sobre N\u00f3s"},"content":{"rendered":"\n<style type=\"text\/css\" data-created_by=\"avia_inline_auto\" id=\"style-css-av-av_section-c94df53a6656e0131399d9385bd6ad39\">\n.avia-section.av-av_section-c94df53a6656e0131399d9385bd6ad39{\nmargin-top:0px;\nmargin-bottom:0px;\n}\n<\/style>\n<div id='av_section_1'  class='avia-section av-av_section-c94df53a6656e0131399d9385bd6ad39 main_color avia-section-no-padding avia-no-border-styling  avia-builder-el-0  el_before_ssit_sc_hbook  avia-builder-el-first  avia-bg-style-scroll container_wrap fullsize'  ><div class='container av-section-cont-open' ><main  role=\"main\" itemprop=\"mainContentOfPage\"  class='template-page content  av-content-full alpha units'><div class='post-entry post-entry-type-page post-entry-72'><div class='entry-content-wrapper clearfix'>\n\n<\/div><\/div><\/main><!-- close content main element --><\/div><\/div><div id='after_section_1'  class='main_color av_default_container_wrap container_wrap fullsize'  ><div class='container av-section-cont-open' ><div class='template-page content  av-content-full alpha units'><div class='post-entry post-entry-type-page post-entry-72'><div class='entry-content-wrapper clearfix'>\n\n\n<style type=\"text\/css\" data-created_by=\"avia_inline_auto\" id=\"style-css-av-lmgczr3f-92eebd763ce6fb4830c0807f982ef6d0\">\n#top .av-special-heading.av-lmgczr3f-92eebd763ce6fb4830c0807f982ef6d0{\npadding-bottom:10px;\n}\nbody .av-special-heading.av-lmgczr3f-92eebd763ce6fb4830c0807f982ef6d0 .av-special-heading-tag .heading-char{\nfont-size:25px;\n}\n.av-special-heading.av-lmgczr3f-92eebd763ce6fb4830c0807f982ef6d0 .av-subheading{\nfont-size:15px;\n}\n<\/style>\n<div  class='av-special-heading av-lmgczr3f-92eebd763ce6fb4830c0807f982ef6d0 av-special-heading-h1 blockquote modern-quote modern-centered  avia-builder-el-3  el_after_ssit_sc_hbook  el_before_av_section  avia-builder-el-last '><h1 class='av-special-heading-tag '  itemprop=\"headline\"  >Sobre N\u00f3s<\/h1><div class=\"special-heading-border\"><div class=\"special-heading-inner-border\"><\/div><\/div><\/div>\n<\/div><\/div><\/div><!-- close content main div --><\/div><\/div><div id='av_section_2'  class='avia-section av-1hsjw-9df2068b724cf446490d8dd76184ce4f main_color avia-section-default avia-no-border-styling  avia-builder-el-4  el_after_av_heading  avia-builder-el-last  avia-bg-style-scroll container_wrap fullsize'  ><div class='container av-section-cont-open' ><div class='template-page content  av-content-full alpha units'><div class='post-entry post-entry-type-page post-entry-72'><div class='entry-content-wrapper clearfix'>\n\n<style type=\"text\/css\" data-created_by=\"avia_inline_auto\" id=\"style-css-av-lgp7ol21-0a10fddb6509c93f0f9d5f703b78b45b\">\n.avia_transform .flex_column.av-lgp7ol21-0a10fddb6509c93f0f9d5f703b78b45b{\nanimation-duration:3s;\n}\n<\/style>\n<div  class='flex_column av-lgp7ol21-0a10fddb6509c93f0f9d5f703b78b45b av_one_half  avia-builder-el-5  el_before_av_one_half  avia-builder-el-first  first flex_column_div av-animated-generic left-to-right  '     ><section  class='av_textblock_section av-ld0om9ur-e3c35a2952b9f47d5f608dfdf8bc5350 '   itemscope=\"itemscope\" itemtype=\"https:\/\/schema.org\/CreativeWork\" ><div class='avia_textblock'  itemprop=\"text\" ><h3 style=\"text-align: center;\">Ajudamos voc\u00ea a encontrar<br \/>\na acomoda\u00e7\u00e3o ideal.<\/h3>\n<\/div><\/section><br \/>\n\n<style type=\"text\/css\" data-created_by=\"avia_inline_auto\" id=\"style-css-av-lkt5o8z9-705929f02016224a094496bbc0567271\">\n#top .hr.av-lkt5o8z9-705929f02016224a094496bbc0567271{\nmargin-top:30px;\nmargin-bottom:30px;\n}\n.hr.av-lkt5o8z9-705929f02016224a094496bbc0567271 .hr-inner{\nwidth:150px;\n}\n<\/style>\n<div  class='hr av-lkt5o8z9-705929f02016224a094496bbc0567271 hr-custom  avia-builder-el-7  el_after_av_textblock  el_before_av_textblock  hr-center hr-icon-no'><span class='hr-inner inner-border-av-border-fat'><span class=\"hr-inner-style\"><\/span><\/span><\/div><br \/>\n<section  class='av_textblock_section av-lkt5nsmw-d882c96d870b717affe39b4e0196e804 '   itemscope=\"itemscope\" itemtype=\"https:\/\/schema.org\/CreativeWork\" ><div class='avia_textblock'  itemprop=\"text\" ><p style=\"text-align: justify;\">O Administrador e Propriet\u00e1rio de Loca\u00e7\u00f5es Alonso Jos\u00e9 Alonso Rog\u00e9rio e Engenheiro Mec\u00e2nico formado na Universidade Federal do Espirito Santo. Trabalhou por 23 anos na companhia Vale do Rio Doce at\u00e9 2008 quando aposentou. Desde ent\u00e3o se ocupa integralmente da administra\u00e7\u00e3o da empresa. Para isso mant\u00e9m uma sinergia permanente com hospede, funcion\u00e1rios para que possamos prestar servi\u00e7o de excel\u00eancia aos nossos hospedes.<\/p>\n<\/div><\/section><\/p><\/div>\n<style type=\"text\/css\" data-created_by=\"avia_inline_auto\" id=\"style-css-av-3ju0-cd7061d6f08c3fcb0c664c5cd30e4348\">\n.avia_transform .flex_column.av-3ju0-cd7061d6f08c3fcb0c664c5cd30e4348{\nanimation-duration:3s;\n}\n<\/style>\n<div  class='flex_column av-3ju0-cd7061d6f08c3fcb0c664c5cd30e4348 av_one_half  avia-builder-el-9  el_after_av_one_half  avia-builder-el-last  flex_column_div av-animated-generic left-to-right  '     ><style type=\"text\/css\" data-created_by=\"avia_inline_auto\" id=\"style-css-av-lkt5l0vg-9ef0f84237b878b1b046d9fd2ddf2aa5\">\n.avia-image-container.av-lkt5l0vg-9ef0f84237b878b1b046d9fd2ddf2aa5 img.avia_image{\nbox-shadow:none;\n}\n.avia-image-container.av-lkt5l0vg-9ef0f84237b878b1b046d9fd2ddf2aa5 .av-image-caption-overlay-center{\ncolor:#ffffff;\n}\n<\/style>\n<div  class='avia-image-container av-lkt5l0vg-9ef0f84237b878b1b046d9fd2ddf2aa5 av-styling- avia-align-center  avia-builder-el-10  avia-builder-el-no-sibling '   itemprop=\"image\" itemscope=\"itemscope\" itemtype=\"https:\/\/schema.org\/ImageObject\" ><div class=\"avia-image-container-inner\"><div class=\"avia-image-overlay-wrap\"><img decoding=\"async\" fetchpriority=\"high\" class='wp-image-271 avia-img-lazy-loading-not-271 avia_image ' src=\"https:\/\/locacoesalonso.com.br\/wp-content\/uploads\/2023\/08\/alonso.jpg\" alt='' title='alonso'  height=\"707\" width=\"1060\"  itemprop=\"thumbnailUrl\" srcset=\"https:\/\/locacoesalonso.com.br\/wp-content\/uploads\/2023\/08\/alonso.jpg 1060w, https:\/\/locacoesalonso.com.br\/wp-content\/uploads\/2023\/08\/alonso-300x200.jpg 300w, https:\/\/locacoesalonso.com.br\/wp-content\/uploads\/2023\/08\/alonso-1030x687.jpg 1030w, https:\/\/locacoesalonso.com.br\/wp-content\/uploads\/2023\/08\/alonso-768x512.jpg 768w, https:\/\/locacoesalonso.com.br\/wp-content\/uploads\/2023\/08\/alonso-705x470.jpg 705w\" sizes=\"(max-width: 1060px) 100vw, 1060px\" \/><\/div><\/div><\/div><\/div>\n\n","protected":false},"excerpt":{"rendered":"","protected":false},"author":1,"featured_media":0,"parent":0,"menu_order":0,"comment_status":"closed","ping_status":"closed","template":"","meta":{"footnotes":""},"class_list":["post-72","page","type-page","status-publish","hentry","post-type-page","post-slug-sobre-nos","page-slug-sobre-nos"],"_links":{"self":[{"href":"https:\/\/locacoesalonso.com.br\/index.php?rest_route=\/wp\/v2\/pages\/72","targetHints":{"allow":["GET"]}}],"collection":[{"href":"https:\/\/locacoesalonso.com.br\/index.php?rest_route=\/wp\/v2\/pages"}],"about":[{"href":"https:\/\/locacoesalonso.com.br\/index.php?rest_route=\/wp\/v2\/types\/page"}],"author":[{"embeddable":true,"href":"https:\/\/locacoesalonso.com.br\/index.php?rest_route=\/wp\/v2\/users\/1"}],"replies":[{"embeddable":true,"href":"https:\/\/locacoesalonso.com.br\/index.php?rest_route=%2Fwp%2Fv2%2Fcomments&post=72"}],"version-history":[{"count":10,"href":"https:\/\/locacoesalonso.com.br\/index.php?rest_route=\/wp\/v2\/pages\/72\/revisions"}],"predecessor-version":[{"id":4179,"href":"https:\/\/locacoesalonso.com.br\/index.php?rest_route=\/wp\/v2\/pages\/72\/revisions\/4179"}],"wp:attachment":[{"href":"https:\/\/locacoesalonso.com.br\/index.php?rest_route=%2Fwp%2Fv2%2Fmedia&parent=72"}],"curies":[{"name":"wp","href":"https:\/\/api.w.org\/{rel}","templated":true}]}}