{"id":249,"date":"2023-04-20T12:00:17","date_gmt":"2023-04-20T15:00:17","guid":{"rendered":"http:\/\/locacoesalonso.com.br\/?page_id=249"},"modified":"2023-11-22T10:17:25","modified_gmt":"2023-11-22T13:17:25","slug":"reservas","status":"publish","type":"page","link":"https:\/\/locacoesalonso.com.br\/?page_id=249","title":{"rendered":"Reservas"},"content":{"rendered":"\n<style type=\"text\/css\" data-created_by=\"avia_inline_auto\" id=\"style-css-av-av_section-c94df53a6656e0131399d9385bd6ad39\">\n.avia-section.av-av_section-c94df53a6656e0131399d9385bd6ad39{\nmargin-top:0px;\nmargin-bottom:0px;\n}\n<\/style>\n<div id='av_section_1'  class='avia-section av-av_section-c94df53a6656e0131399d9385bd6ad39 main_color avia-section-no-padding avia-no-border-styling  avia-builder-el-0  el_before_av_section  avia-builder-el-first  avia-bg-style-scroll container_wrap fullsize'  ><div class='container av-section-cont-open' ><main  role=\"main\" itemprop=\"mainContentOfPage\"  class='template-page content  av-content-full alpha units'><div class='post-entry post-entry-type-page post-entry-249'><div class='entry-content-wrapper clearfix'>\n\n\n<\/div><\/div><\/main><!-- close content main element --><\/div><\/div><div id='av_section_2'  class='avia-section av-zb82x-cb7630ead00a2c9a50aa8ee9fbcaf058 main_color avia-section-default avia-no-border-styling  avia-builder-el-2  el_after_av_section  avia-builder-el-last  avia-bg-style-scroll container_wrap fullsize'  ><div class='container av-section-cont-open' ><div class='template-page content  av-content-full alpha units'><div class='post-entry post-entry-type-page post-entry-249'><div class='entry-content-wrapper clearfix'>\n<div class='flex_column_table av-71ck9-3cd37665b929dd4b7d9dae489c6f6544 sc-av_two_third av-equal-height-column-flextable'>\n<style type=\"text\/css\" data-created_by=\"avia_inline_auto\" id=\"style-css-av-71ck9-3cd37665b929dd4b7d9dae489c6f6544\">\n@keyframes av_boxShadowEffect_av-71ck9-3cd37665b929dd4b7d9dae489c6f6544-column {\n0%   { box-shadow:  0 0 0 0 rgba(76,76,76,0.35); opacity: 1; }\n100% { box-shadow:  0 0 15px 0 rgba(76,76,76,0.35); opacity: 1; }\n}\n.flex_column.av-71ck9-3cd37665b929dd4b7d9dae489c6f6544{\nwidth:66%;\nmargin-left:0;\nbox-shadow: 0 0 15px 0 rgba(76,76,76,0.35);\npadding:20px 20px 20px 20px;\nbackground-color:#ffffff;\n}\n.avia_transform .flex_column.av-71ck9-3cd37665b929dd4b7d9dae489c6f6544{\nanimation-duration:2s;\n}\n#top .flex_column_table.av-equal-height-column-flextable.av-71ck9-3cd37665b929dd4b7d9dae489c6f6544 .av-flex-placeholder{\nwidth:2%;\n}\n<\/style>\n<div  class='flex_column av-71ck9-3cd37665b929dd4b7d9dae489c6f6544 av_two_third  avia-builder-el-3  el_before_av_one_third  avia-builder-el-first  first flex_column_table_cell av-equal-height-column av-align-top av-animated-generic left-to-right shadow-not-animated  '     ><p><article  class='iconbox iconbox_left av-lgpcq8l1-0f578ec06c542b81c5a55a0aa17611d5  avia-builder-el-4  el_before_ssit_sc_hbook  avia-builder-el-first '  itemscope=\"itemscope\" itemtype=\"https:\/\/schema.org\/CreativeWork\" ><div class=\"iconbox_content\"><header class=\"entry-content-header\" aria-label=\"\u00cdcone: PREENCHA O FORMUL\u00c1RIO ABAIXO\"><div class='iconbox_icon heading-color avia-iconfont avia-font-flaticon_pousada_light' data-av_icon='' data-av_iconfont='flaticon_pousada_light'  ><\/div><h3 class='iconbox_content_title '  itemprop=\"headline\" >PREENCHA O FORMUL\u00c1RIO ABAIXO<\/h3><\/header><div class='iconbox_content_container '  itemprop=\"text\" ><\/div><\/div><footer class=\"entry-footer\"><\/footer><\/article><br \/>\n<\/p><\/div><div class='av-flex-placeholder'><\/div>\n<style type=\"text\/css\" data-created_by=\"avia_inline_auto\" id=\"style-css-av-n73gp-0c8ac2d75abbe3c60d6e0a61b87fac50\">\n.flex_column.av-n73gp-0c8ac2d75abbe3c60d6e0a61b87fac50{\nwidth:32%;\nmargin-left:0;\n}\n#top .flex_column_table.av-equal-height-column-flextable.av-n73gp-0c8ac2d75abbe3c60d6e0a61b87fac50 .av-flex-placeholder{\nwidth:2%;\n}\n<\/style>\n<div  class='flex_column av-n73gp-0c8ac2d75abbe3c60d6e0a61b87fac50 av_one_third  avia-builder-el-6  el_after_av_two_third  avia-builder-el-last  flex_column_table_cell av-equal-height-column av-align-top  '     ><style type=\"text\/css\" data-created_by=\"avia_inline_auto\" id=\"style-css-av-lgpcokzc-ca7adf76066b55e9f5fcd51d70b5d387\">\n#top .togglecontainer.av-lgpcokzc-ca7adf76066b55e9f5fcd51d70b5d387 p.toggler .toggle_icon{\ncolor:#333333;\nborder-color:#333333;\n}\n#top .togglecontainer.av-lgpcokzc-ca7adf76066b55e9f5fcd51d70b5d387 p.toggler .toggle_icon > span{\ncolor:#333333;\nborder-color:#333333;\n}\n<\/style>\n<div  class='togglecontainer av-lgpcokzc-ca7adf76066b55e9f5fcd51d70b5d387 av-elegant-toggle  avia-builder-el-7  avia-builder-el-no-sibling  toggle_close_all' >\n<section class='av_toggle_section av-lgpco2ah-e26506ccefd107b01c0dfcd81c1d1f41'  itemscope=\"itemscope\" itemtype=\"https:\/\/schema.org\/CreativeWork\" ><div role=\"tablist\" class=\"single_toggle\" data-tags=\"{Todos} \"  ><p id='toggle-toggle-id-1' data-fake-id='#toggle-id-1' class='toggler  activeTitle av-title-above '  itemprop=\"headline\"  role='tab' tabindex='0' aria-controls='toggle-id-1' data-slide-speed=\"200\" data-title=\"Pol\u00edtica de Reservas\" data-title-open=\"\" data-aria_collapsed=\"Clique para expandir: Pol\u00edtica de Reservas\" data-aria_expanded=\"Clique para colapsar: Pol\u00edtica de Reservas\">Pol\u00edtica de Reservas<span class=\"toggle_icon\"><span class=\"vert_icon\"><\/span><span class=\"hor_icon\"><\/span><\/span><\/p><div id='toggle-id-1' aria-labelledby='toggle-toggle-id-1' role='region' class='toggle_wrap  active_tc av-title-above' style='display:block;' ><div class='toggle_content invers-color '  itemprop=\"text\" ><div style=\"box-sizing: border-box; color: #212529; font-family: -apple-system, BlinkMacSystemFont, 'Segoe UI', Roboto, 'Helvetica Neue', Arial, 'Noto Sans', sans-serif, 'Apple Color Emoji', 'Segoe UI Emoji', 'Segoe UI Symbol', 'Noto Color Emoji';\">No ato da reserva ser\u00e1 cobrado 30% do valor da reserva e restante o h\u00f3spede pagar\u00e1 no dia do check in<\/div>\n<div style=\"box-sizing: border-box; color: #212529; font-family: -apple-system, BlinkMacSystemFont, 'Segoe UI', Roboto, 'Helvetica Neue', Arial, 'Noto Sans', sans-serif, 'Apple Color Emoji', 'Segoe UI Emoji', 'Segoe UI Symbol', 'Noto Color Emoji';\">NORMAS DE CONDOM\u00cdNIO<\/div>\n<div style=\"box-sizing: border-box; color: #212529; font-family: -apple-system, BlinkMacSystemFont, 'Segoe UI', Roboto, 'Helvetica Neue', Arial, 'Noto Sans', sans-serif, 'Apple Color Emoji', 'Segoe UI Emoji', 'Segoe UI Symbol', 'Noto Color Emoji';\">- Somente ser\u00e1 aceito a capacidade m\u00e1xima de cada apartamento sendo:<\/div>\n<div style=\"box-sizing: border-box; color: #212529; font-family: -apple-system, BlinkMacSystemFont, 'Segoe UI', Roboto, 'Helvetica Neue', Arial, 'Noto Sans', sans-serif, 'Apple Color Emoji', 'Segoe UI Emoji', 'Segoe UI Symbol', 'Noto Color Emoji';\">-10 pessoas em cada apartamento do Martha Schwantz<\/div>\n<div style=\"box-sizing: border-box; color: #212529; font-family: -apple-system, BlinkMacSystemFont, 'Segoe UI', Roboto, 'Helvetica Neue', Arial, 'Noto Sans', sans-serif, 'Apple Color Emoji', 'Segoe UI Emoji', 'Segoe UI Symbol', 'Noto Color Emoji';\">- 8 Pessoas no Edif\u00edcio Londres<\/div>\n<div style=\"box-sizing: border-box; color: #212529; font-family: -apple-system, BlinkMacSystemFont, 'Segoe UI', Roboto, 'Helvetica Neue', Arial, 'Noto Sans', sans-serif, 'Apple Color Emoji', 'Segoe UI Emoji', 'Segoe UI Symbol', 'Noto Color Emoji';\">- 8 Pessoas no Jo\u00e3o Meira<\/div>\n<div style=\"box-sizing: border-box; color: #212529; font-family: -apple-system, BlinkMacSystemFont, 'Segoe UI', Roboto, 'Helvetica Neue', Arial, 'Noto Sans', sans-serif, 'Apple Color Emoji', 'Segoe UI Emoji', 'Segoe UI Symbol', 'Noto Color Emoji';\">- Animais de estima\u00e7\u00e3o de pequeno porte s\u00e3o aceitos mediante pagamento de taxa.<\/div>\n<div style=\"box-sizing: border-box; color: #212529; font-family: -apple-system, BlinkMacSystemFont, 'Segoe UI', Roboto, 'Helvetica Neue', Arial, 'Noto Sans', sans-serif, 'Apple Color Emoji', 'Segoe UI Emoji', 'Segoe UI Symbol', 'Noto Color Emoji';\">- N\u00e3o fazer barulho que perturbe os vizinhos principalmente a partir das 22 horas at\u00e9 06 da manh\u00e3 .<\/div>\n<div style=\"box-sizing: border-box; color: #212529; font-family: -apple-system, BlinkMacSystemFont, 'Segoe UI', Roboto, 'Helvetica Neue', Arial, 'Noto Sans', sans-serif, 'Apple Color Emoji', 'Segoe UI Emoji', 'Segoe UI Symbol', 'Noto Color Emoji';\">-N\u00e3o jogar objetos pela varanda, portas e janelas. Utilizem os lugares adequados.<\/div>\n<div style=\"box-sizing: border-box; color: #212529; font-family: -apple-system, BlinkMacSystemFont, 'Segoe UI', Roboto, 'Helvetica Neue', Arial, 'Noto Sans', sans-serif, 'Apple Color Emoji', 'Segoe UI Emoji', 'Segoe UI Symbol', 'Noto Color Emoji';\">- Banhistas lavar os p\u00e9s na ducha e secar os p\u00e9s antes de ir para as depend\u00eancias do apartamento.<\/div>\n<div style=\"box-sizing: border-box; color: #212529; font-family: -apple-system, BlinkMacSystemFont, 'Segoe UI', Roboto, 'Helvetica Neue', Arial, 'Noto Sans', sans-serif, 'Apple Color Emoji', 'Segoe UI Emoji', 'Segoe UI Symbol', 'Noto Color Emoji';\">- Portas e Port\u00f5es inspecionar se est\u00e1 fechado ao sair\/ Entrar para seguran\u00e7a de todos<\/div>\n<div style=\"box-sizing: border-box; color: #212529; font-family: -apple-system, BlinkMacSystemFont, 'Segoe UI', Roboto, 'Helvetica Neue', Arial, 'Noto Sans', sans-serif, 'Apple Color Emoji', 'Segoe UI Emoji', 'Segoe UI Symbol', 'Noto Color Emoji';\">- N\u00e3o abrir interfone para desconhecidos - verifique antes.<\/div>\n<div style=\"box-sizing: border-box; color: #212529; font-family: -apple-system, BlinkMacSystemFont, 'Segoe UI', Roboto, 'Helvetica Neue', Arial, 'Noto Sans', sans-serif, 'Apple Color Emoji', 'Segoe UI Emoji', 'Segoe UI Symbol', 'Noto Color Emoji';\">- Lixo dever\u00e1 ser embalado , fechado e colocado no local apropriado na frente do pr\u00e9dio.<\/div>\n<div style=\"box-sizing: border-box; color: #212529; font-family: -apple-system, BlinkMacSystemFont, 'Segoe UI', Roboto, 'Helvetica Neue', Arial, 'Noto Sans', sans-serif, 'Apple Color Emoji', 'Segoe UI Emoji', 'Segoe UI Symbol', 'Noto Color Emoji';\">-\u00c9 expressamente proibido utilizar garagem para outros fins que n\u00e3o seja a guarda de ve\u00edculos.<\/div>\n<div style=\"box-sizing: border-box; color: #212529; font-family: -apple-system, BlinkMacSystemFont, 'Segoe UI', Roboto, 'Helvetica Neue', Arial, 'Noto Sans', sans-serif, 'Apple Color Emoji', 'Segoe UI Emoji', 'Segoe UI Symbol', 'Noto Color Emoji';\">Cada apartamento possui sua garagem indicada com o n\u00famero do apartamento. A utiliza\u00e7\u00e3o de outra garagem<\/div>\n<div style=\"box-sizing: border-box; color: #212529; font-family: -apple-system, BlinkMacSystemFont, 'Segoe UI', Roboto, 'Helvetica Neue', Arial, 'Noto Sans', sans-serif, 'Apple Color Emoji', 'Segoe UI Emoji', 'Segoe UI Symbol', 'Noto Color Emoji';\">O condom\u00ednio registra pelas c\u00e2maras , emite boletim de ocorr\u00eancia juntamente com multa que ser\u00e1 cobrada do dono do ve\u00edculo.<\/div>\n<\/div><\/div><\/div><\/section>\n<section class='av_toggle_section av-lgpco2ah-2-e3a45c79693e6943fa3ec5d2751d6666'  itemscope=\"itemscope\" itemtype=\"https:\/\/schema.org\/CreativeWork\" ><div role=\"tablist\" class=\"single_toggle\" data-tags=\"{Todos} \"  ><p id='toggle-toggle-id-2' data-fake-id='#toggle-id-2' class='toggler  av-title-above '  itemprop=\"headline\"  role='tab' tabindex='0' aria-controls='toggle-id-2' data-slide-speed=\"200\" data-title=\"Pol\u00edtica de Cancelamento\" data-title-open=\"\" data-aria_collapsed=\"Clique para expandir: Pol\u00edtica de Cancelamento\" data-aria_expanded=\"Clique para colapsar: Pol\u00edtica de Cancelamento\">Pol\u00edtica de Cancelamento<span class=\"toggle_icon\"><span class=\"vert_icon\"><\/span><span class=\"hor_icon\"><\/span><\/span><\/p><div id='toggle-id-2' aria-labelledby='toggle-toggle-id-2' role='region' class='toggle_wrap  av-title-above'  ><div class='toggle_content invers-color '  itemprop=\"text\" ><p>- Em caso de cancelamento, o h\u00f3spede poder\u00e1 utilizar o valor pago antecipadamente em outra reserva posterior no prazo de 1 ano.<\/p>\n<\/div><\/div><\/div><\/section>\n<\/div><\/div><\/div><!--close column table wrapper. Autoclose: 1 -->\n\n","protected":false},"excerpt":{"rendered":"","protected":false},"author":1,"featured_media":0,"parent":0,"menu_order":0,"comment_status":"closed","ping_status":"closed","template":"","meta":{"footnotes":""},"class_list":["post-249","page","type-page","status-publish","hentry","post-type-page","post-slug-reservas","page-slug-reservas"],"_links":{"self":[{"href":"https:\/\/locacoesalonso.com.br\/index.php?rest_route=\/wp\/v2\/pages\/249","targetHints":{"allow":["GET"]}}],"collection":[{"href":"https:\/\/locacoesalonso.com.br\/index.php?rest_route=\/wp\/v2\/pages"}],"about":[{"href":"https:\/\/locacoesalonso.com.br\/index.php?rest_route=\/wp\/v2\/types\/page"}],"author":[{"embeddable":true,"href":"https:\/\/locacoesalonso.com.br\/index.php?rest_route=\/wp\/v2\/users\/1"}],"replies":[{"embeddable":true,"href":"https:\/\/locacoesalonso.com.br\/index.php?rest_route=%2Fwp%2Fv2%2Fcomments&post=249"}],"version-history":[{"count":10,"href":"https:\/\/locacoesalonso.com.br\/index.php?rest_route=\/wp\/v2\/pages\/249\/revisions"}],"predecessor-version":[{"id":4177,"href":"https:\/\/locacoesalonso.com.br\/index.php?rest_route=\/wp\/v2\/pages\/249\/revisions\/4177"}],"wp:attachment":[{"href":"https:\/\/locacoesalonso.com.br\/index.php?rest_route=%2Fwp%2Fv2%2Fmedia&parent=249"}],"curies":[{"name":"wp","href":"https:\/\/api.w.org\/{rel}","templated":true}]}}