{"id":18,"date":"2023-01-17T11:04:55","date_gmt":"2023-01-17T14:04:55","guid":{"rendered":"http:\/\/locacoesalonso.com.br\/?page_id=18"},"modified":"2024-11-11T08:49:20","modified_gmt":"2024-11-11T11:49:20","slug":"home","status":"publish","type":"page","link":"https:\/\/locacoesalonso.com.br\/","title":{"rendered":"Home"},"content":{"rendered":"\n<style type=\"text\/css\" data-created_by=\"avia_inline_auto\" id=\"style-css-av-ugxe-a9f864462112a3d9d273c65efcbd4ff7\">\n.avia-section.av-ugxe-a9f864462112a3d9d273c65efcbd4ff7{\nmargin-top:0px;\nmargin-bottom:0px;\n}\n<\/style>\n<div id='av_section_1'  class='avia-section av-ugxe-a9f864462112a3d9d273c65efcbd4ff7 main_color avia-section-no-padding avia-no-border-styling  avia-builder-el-0  el_before_ssit_sc_hbook  avia-builder-el-first  avia-bg-style-scroll container_wrap fullsize'  ><div class='container av-section-cont-open' ><main  role=\"main\" itemprop=\"mainContentOfPage\"  class='template-page content  av-content-full alpha units'><div class='post-entry post-entry-type-page post-entry-18'><div class='entry-content-wrapper clearfix'>\n\n<\/div><\/div><\/main><!-- close content main element --><\/div><\/div><div id='after_section_1'  class='main_color av_default_container_wrap container_wrap fullsize'  ><div class='container av-section-cont-open' ><div class='template-page content  av-content-full alpha units'><div class='post-entry post-entry-type-page post-entry-18'><div class='entry-content-wrapper clearfix'>\n\n<\/div><\/div><\/div><!-- close content main div --><\/div><\/div>\n<style type=\"text\/css\" data-created_by=\"avia_inline_auto\" id=\"style-css-av-2r7b6-bd1ffe0d7452ddf3b100774e98977750\">\n.avia-section.av-2r7b6-bd1ffe0d7452ddf3b100774e98977750{\nbackground-repeat:no-repeat;\nbackground-image:url(https:\/\/locacoesalonso.com.br\/wp-content\/uploads\/2023\/01\/fundo-site3.jpg);\nbackground-position:0% 0%;\nbackground-attachment:scroll;\n}\n<\/style>\n<div id='av_section_2'  class='avia-section av-2r7b6-bd1ffe0d7452ddf3b100774e98977750 main_color avia-section-default avia-no-border-styling  avia-builder-el-3  el_after_ssit_sc_hbook  el_before_av_section  avia-full-stretch avia-bg-style-scroll container_wrap fullsize'  data-section-bg-repeat='stretch'><div class='container av-section-cont-open' ><div class='template-page content  av-content-full alpha units'><div class='post-entry post-entry-type-page post-entry-18'><div class='entry-content-wrapper clearfix'>\n\n<style type=\"text\/css\" data-created_by=\"avia_inline_auto\" id=\"style-css-av-1fnnq-e801be6ff5d460ff9c327871fbeb4055\">\n.avia_transform .flex_column.av-1fnnq-e801be6ff5d460ff9c327871fbeb4055{\nanimation-duration:3.5s;\n}\n<\/style>\n<div  class='flex_column av-1fnnq-e801be6ff5d460ff9c327871fbeb4055 av_one_full  avia-builder-el-4  avia-builder-el-no-sibling  first flex_column_div av-animated-generic right-to-left  '     ><p>\n<style type=\"text\/css\" data-created_by=\"avia_inline_auto\" id=\"style-css-av-12ozq-c229b901abd85a93bbed5a0626f29642\">\n#top .hr.hr-invisible.av-12ozq-c229b901abd85a93bbed5a0626f29642{\nheight:15px;\n}\n<\/style>\n<div  class='hr av-12ozq-c229b901abd85a93bbed5a0626f29642 hr-invisible  avia-builder-el-5  el_before_av_heading  avia-builder-el-first '><span class='hr-inner '><span class=\"hr-inner-style\"><\/span><\/span><\/div><br \/>\n\n<style type=\"text\/css\" data-created_by=\"avia_inline_auto\" id=\"style-css-av-ld0cy4rc-92c16288e92ddc049f50339cb001b10b\">\n#top .av-special-heading.av-ld0cy4rc-92c16288e92ddc049f50339cb001b10b{\npadding-bottom:10px;\n}\nbody .av-special-heading.av-ld0cy4rc-92c16288e92ddc049f50339cb001b10b .av-special-heading-tag .heading-char{\nfont-size:25px;\n}\n.av-special-heading.av-ld0cy4rc-92c16288e92ddc049f50339cb001b10b .av-subheading{\nfont-size:15px;\n}\n<\/style>\n<div  id=\"tit-esquerda\"  class='av-special-heading av-ld0cy4rc-92c16288e92ddc049f50339cb001b10b av-special-heading-h1 blockquote modern-quote modern-centered  avia-builder-el-6  el_after_av_hr  el_before_av_hr '><div class='av-subheading av-subheading_above'><p>BEM VINDO(A) AO<\/p>\n<\/div><h1 class='av-special-heading-tag '  itemprop=\"headline\"  >Aluguel de im\u00f3veis para temporada Guarapari\/ES &#8211; Alonso Loca\u00e7\u00f5es<\/h1><div class=\"special-heading-border\"><div class=\"special-heading-inner-border\"><\/div><\/div><\/div><br \/>\n\n<style type=\"text\/css\" data-created_by=\"avia_inline_auto\" id=\"style-css-av-14kw6-06b75473296cdf538fca2523c63f2e57\">\n#top .hr.hr-invisible.av-14kw6-06b75473296cdf538fca2523c63f2e57{\nheight:5px;\n}\n<\/style>\n<div  class='hr av-14kw6-06b75473296cdf538fca2523c63f2e57 hr-invisible  avia-builder-el-7  el_after_av_heading  el_before_av_textblock '><span class='hr-inner '><span class=\"hr-inner-style\"><\/span><\/span><\/div><br \/>\n<section  class='av_textblock_section av-wj2u-f0160afe7d7aa3e83d1f364fb690aa58 '   itemscope=\"itemscope\" itemtype=\"https:\/\/schema.org\/CreativeWork\" ><div class='avia_textblock'  itemprop=\"text\" ><p style=\"text-align: center;\">Descubra o para\u00edso em Guarapari\/ES com a Alonso Loca\u00e7\u00f5es - sua escolha ideal para aluguel de im\u00f3veis para temporada, proporcionando uma estadia inesquec\u00edvel com conforto e qualidade \u00e0 beira das praias deslumbrantes da regi\u00e3o.<\/p>\n<\/div><\/section><br \/>\n\n<style type=\"text\/css\" data-created_by=\"avia_inline_auto\" id=\"style-css-av-5p9e-17a694add76a478ccd5da6c7b84c7e97\">\n#top .hr.hr-invisible.av-5p9e-17a694add76a478ccd5da6c7b84c7e97{\nheight:15px;\n}\n<\/style>\n<div  class='hr av-5p9e-17a694add76a478ccd5da6c7b84c7e97 hr-invisible  avia-builder-el-9  el_after_av_textblock  el_before_av_button '><span class='hr-inner '><span class=\"hr-inner-style\"><\/span><\/span><\/div><br \/>\n<div  class='avia-button-wrap av-1cl0e-a2192afc76653364f3ef7c35f4940348-wrap avia-button-center  avia-builder-el-10  el_after_av_hr  avia-builder-el-last '><a href='https:\/\/locacoesalonso.com.br\/?page_id=72'  class='avia-button av-1cl0e-a2192afc76653364f3ef7c35f4940348 av-link-btn avia-icon_select-no avia-size-large avia-position-center avia-color-theme-color'   aria-label=\"SAIBA MAIS\"><span class='avia_iconbox_title' >SAIBA MAIS<\/span><\/a><\/div><\/p><\/div>\n\n<\/div><\/div><\/div><!-- close content main div --><\/div><\/div>\n<style type=\"text\/css\" data-created_by=\"avia_inline_auto\" id=\"style-css-av-lgp6kwfu-cf7b00b70ce2540cc517e51eb9058468\">\n.avia-section.av-lgp6kwfu-cf7b00b70ce2540cc517e51eb9058468 .av-parallax .av-parallax-inner{\nbackground-repeat:no-repeat;\nbackground-image:url(https:\/\/locacoesalonso.com.br\/wp-content\/uploads\/2023\/08\/palacio-anchieta-300x195.jpg);\nbackground-position:50% 0%;\nbackground-attachment:scroll;\n}\n.avia-section.av-lgp6kwfu-cf7b00b70ce2540cc517e51eb9058468 .av-section-color-overlay{\nopacity:0.8;\nbackground-color:#0a0a0a;\n}\n<\/style>\n<div id='av_section_3'  class='avia-section av-lgp6kwfu-cf7b00b70ce2540cc517e51eb9058468 main_color avia-section-default avia-no-border-styling  avia-builder-el-11  el_after_av_section  avia-builder-el-last  avia-full-stretch av-parallax-section avia-bg-style-parallax av-section-color-overlay-active av-minimum-height av-minimum-height-50 av-height-50  container_wrap fullsize'  data-section-bg-repeat='stretch' data-av_minimum_height_pc='50' data-av_min_height_opt='50'><div class='av-parallax' data-avia-parallax-ratio='0.3' ><div class='av-parallax-inner main_color avia-full-stretch'><\/div><\/div><div class=\"av-section-color-overlay-wrap\"><div class=\"av-section-color-overlay\"><\/div><div class='container av-section-cont-open' ><div class='template-page content  av-content-full alpha units'><div class='post-entry post-entry-type-page post-entry-18'><div class='entry-content-wrapper clearfix'>\n\n<style type=\"text\/css\" data-created_by=\"avia_inline_auto\" id=\"style-css-av-lgp7f8be-e717958dff354766d7e0f4b5a0ab5d91\">\n.avia_transform .flex_column.av-lgp7f8be-e717958dff354766d7e0f4b5a0ab5d91{\nanimation-duration:3s;\n}\n<\/style>\n<div  class='flex_column av-lgp7f8be-e717958dff354766d7e0f4b5a0ab5d91 av_one_full  avia-builder-el-12  el_before_av_one_full  avia-builder-el-first  first flex_column_div av-animated-generic av-rotateIn  '     ><style type=\"text\/css\" data-created_by=\"avia_inline_auto\" id=\"style-css-av-3ce72-ca44c6766dfc1c76d8d6057051f0b540\">\n.av_font_icon.av-3ce72-ca44c6766dfc1c76d8d6057051f0b540{\ncolor:#ffffff;\nborder-color:#ffffff;\n}\n.avia-svg-icon.av-3ce72-ca44c6766dfc1c76d8d6057051f0b540 svg:first-child{\nstroke:#ffffff;\nfill:#ffffff;\n}\n.av_font_icon.av-3ce72-ca44c6766dfc1c76d8d6057051f0b540 .av-icon-char{\nfont-size:100px;\nline-height:100px;\n}\n<\/style>\n<span  class='av_font_icon av-3ce72-ca44c6766dfc1c76d8d6057051f0b540 avia_animate_when_visible av-icon-style- avia-icon-pos-center avia-iconfont avia-font-flaticon_pousada_light'><span class='av-icon-char' data-av_icon='' data-av_iconfont='flaticon_pousada_light' aria-hidden=\"true\" ><\/span><\/span><\/div>\n<style type=\"text\/css\" data-created_by=\"avia_inline_auto\" id=\"style-css-av-1anvi-8b90d58c3cbd70122a615ec53bbb1cdf\">\n.avia_transform .flex_column.av-1anvi-8b90d58c3cbd70122a615ec53bbb1cdf{\nanimation-duration:4s;\n}\n<\/style>\n<div  class='flex_column av-1anvi-8b90d58c3cbd70122a615ec53bbb1cdf av_one_full  avia-builder-el-14  el_after_av_one_full  el_before_av_button  first flex_column_div av-animated-generic right-to-left  column-top-margin'     ><style type=\"text\/css\" data-created_by=\"avia_inline_auto\" id=\"style-css-av-v70a-403e947c2d0e7722cc25848c9a483f3e\">\n#top .av-special-heading.av-v70a-403e947c2d0e7722cc25848c9a483f3e{\npadding-bottom:10px;\ncolor:#ffffff;\n}\nbody .av-special-heading.av-v70a-403e947c2d0e7722cc25848c9a483f3e .av-special-heading-tag .heading-char{\nfont-size:25px;\n}\n.av-special-heading.av-v70a-403e947c2d0e7722cc25848c9a483f3e .special-heading-inner-border{\nborder-color:#ffffff;\n}\n.av-special-heading.av-v70a-403e947c2d0e7722cc25848c9a483f3e .av-subheading{\nfont-size:15px;\ncolor:#ffffff;\n}\nbody .av-special-heading.av-v70a-403e947c2d0e7722cc25848c9a483f3e .av-special-heading-tag .heading-wrap:before{\nborder-color:#ffffff;\n}\nbody .av-special-heading.av-v70a-403e947c2d0e7722cc25848c9a483f3e .av-special-heading-tag .heading-wrap:after{\nborder-color:#ffffff;\n}\n<\/style>\n<div  class='av-special-heading av-v70a-403e947c2d0e7722cc25848c9a483f3e av-special-heading-h2 custom-color-heading blockquote modern-quote modern-centered  avia-builder-el-15  avia-builder-el-no-sibling '><div class='av_custom_color av-subheading av-subheading_above'><p>FA\u00c7A A SUA RESERVA<\/p>\n<\/div><h2 class='av-special-heading-tag '  itemprop=\"headline\"  >Encontre o apartamento ideal para voc\u00ea e sua fam\u00edlia<\/h2><div class=\"special-heading-border\"><div class=\"special-heading-inner-border\"><\/div><\/div><\/div><\/div><div  class='avia-button-wrap av-w81m-99a30835707865e375dbc816c8f36a34-wrap avia-button-center  avia-builder-el-16  el_after_av_one_full  avia-builder-el-last '><a href='https:\/\/locacoesalonso.com.br\/?page_id=249'  class='avia-button av-w81m-99a30835707865e375dbc816c8f36a34 av-link-btn avia-icon_select-no avia-size-large avia-position-center avia-color-theme-color'   aria-label=\"RESERVE AGORA\"><span class='avia_iconbox_title' >RESERVE AGORA<\/span><\/a><\/div>\n\n","protected":false},"excerpt":{"rendered":"","protected":false},"author":1,"featured_media":0,"parent":0,"menu_order":0,"comment_status":"closed","ping_status":"closed","template":"","meta":{"footnotes":""},"class_list":["post-18","page","type-page","status-publish","hentry","post-type-page","post-slug-home","page-slug-home"],"_links":{"self":[{"href":"https:\/\/locacoesalonso.com.br\/index.php?rest_route=\/wp\/v2\/pages\/18","targetHints":{"allow":["GET"]}}],"collection":[{"href":"https:\/\/locacoesalonso.com.br\/index.php?rest_route=\/wp\/v2\/pages"}],"about":[{"href":"https:\/\/locacoesalonso.com.br\/index.php?rest_route=\/wp\/v2\/types\/page"}],"author":[{"embeddable":true,"href":"https:\/\/locacoesalonso.com.br\/index.php?rest_route=\/wp\/v2\/users\/1"}],"replies":[{"embeddable":true,"href":"https:\/\/locacoesalonso.com.br\/index.php?rest_route=%2Fwp%2Fv2%2Fcomments&post=18"}],"version-history":[{"count":12,"href":"https:\/\/locacoesalonso.com.br\/index.php?rest_route=\/wp\/v2\/pages\/18\/revisions"}],"predecessor-version":[{"id":4279,"href":"https:\/\/locacoesalonso.com.br\/index.php?rest_route=\/wp\/v2\/pages\/18\/revisions\/4279"}],"wp:attachment":[{"href":"https:\/\/locacoesalonso.com.br\/index.php?rest_route=%2Fwp%2Fv2%2Fmedia&parent=18"}],"curies":[{"name":"wp","href":"https:\/\/api.w.org\/{rel}","templated":true}]}}