{"id":123,"date":"2023-01-17T17:51:48","date_gmt":"2023-01-17T20:51:48","guid":{"rendered":"http:\/\/locacoesalonso.com.br\/?page_id=123"},"modified":"2023-11-22T10:17:27","modified_gmt":"2023-11-22T13:17:27","slug":"servicos","status":"publish","type":"page","link":"https:\/\/locacoesalonso.com.br\/?page_id=123","title":{"rendered":"Servi\u00e7os"},"content":{"rendered":"\n<style type=\"text\/css\" data-created_by=\"avia_inline_auto\" id=\"style-css-av-av_section-c94df53a6656e0131399d9385bd6ad39\">\n.avia-section.av-av_section-c94df53a6656e0131399d9385bd6ad39{\nmargin-top:0px;\nmargin-bottom:0px;\n}\n<\/style>\n<div id='av_section_1'  class='avia-section av-av_section-c94df53a6656e0131399d9385bd6ad39 main_color avia-section-no-padding avia-no-border-styling  avia-builder-el-0  el_before_ssit_sc_hbook  avia-builder-el-first  avia-bg-style-scroll container_wrap fullsize'  ><div class='container av-section-cont-open' ><main  role=\"main\" itemprop=\"mainContentOfPage\"  class='template-page content  av-content-full alpha units'><div class='post-entry post-entry-type-page post-entry-123'><div class='entry-content-wrapper clearfix'>\n\n<\/div><\/div><\/main><!-- close content main element --><\/div><\/div><div id='after_section_1'  class='main_color av_default_container_wrap container_wrap fullsize'  ><div class='container av-section-cont-open' ><div class='template-page content  av-content-full alpha units'><div class='post-entry post-entry-type-page post-entry-123'><div class='entry-content-wrapper clearfix'>\n\n\n<style type=\"text\/css\" data-created_by=\"avia_inline_auto\" id=\"style-css-av-lmgcze9y-e191487d49298214e82d6dd6d20889e2\">\n#top .av-special-heading.av-lmgcze9y-e191487d49298214e82d6dd6d20889e2{\npadding-bottom:10px;\n}\nbody .av-special-heading.av-lmgcze9y-e191487d49298214e82d6dd6d20889e2 .av-special-heading-tag .heading-char{\nfont-size:25px;\n}\n.av-special-heading.av-lmgcze9y-e191487d49298214e82d6dd6d20889e2 .av-subheading{\nfont-size:15px;\n}\n<\/style>\n<div  class='av-special-heading av-lmgcze9y-e191487d49298214e82d6dd6d20889e2 av-special-heading-h1 blockquote modern-quote modern-centered  avia-builder-el-3  el_after_ssit_sc_hbook  el_before_av_section  avia-builder-el-last '><h1 class='av-special-heading-tag '  itemprop=\"headline\"  >Servi\u00e7os<\/h1><div class=\"special-heading-border\"><div class=\"special-heading-inner-border\"><\/div><\/div><\/div>\n<\/div><\/div><\/div><!-- close content main div --><\/div><\/div><div id='av_section_2'  class='avia-section av-5k9q8z-75584d192ebaa09629a409fd8bb5313b main_color avia-section-default avia-no-border-styling  avia-builder-el-4  el_after_av_heading  avia-builder-el-last  avia-bg-style-scroll container_wrap fullsize'  ><div class='container av-section-cont-open' ><div class='template-page content  av-content-full alpha units'><div class='post-entry post-entry-type-page post-entry-123'><div class='entry-content-wrapper clearfix'>\n\n<style type=\"text\/css\" data-created_by=\"avia_inline_auto\" id=\"style-css-av-lgp87dx8-36d96d96fe43647dff9d763db9e9c572\">\n.avia_transform .flex_column.av-lgp87dx8-36d96d96fe43647dff9d763db9e9c572{\nanimation-duration:2.5s;\n}\n<\/style>\n<div  class='flex_column av-lgp87dx8-36d96d96fe43647dff9d763db9e9c572 av_one_full  avia-builder-el-5  el_before_av_one_fourth  avia-builder-el-first  first flex_column_div av-animated-generic left-to-right  '     ><section  class='av_textblock_section av-lgp87nsu-ecb0a101b90f04821f48729ab9b545b2 '   itemscope=\"itemscope\" itemtype=\"https:\/\/schema.org\/CreativeWork\" ><div class='avia_textblock'  itemprop=\"text\" ><p style=\"text-align: justify;\">A Empresa presta Servi\u00e7o de loca\u00e7\u00e3o de apartamento mobiliados para temporada. Cada unidade possui: su\u00edte com ar refrigerado, quarto com cama de casal e de solteiro alguns com ar refrigerado e outros com ventilador de teto, Travesseiros incluso. Cozinha completa com fog\u00e3o, geladeira, panela press\u00e3o, sanduicheira, micro ondas, liquidificador, talheres, tanquinho, etc...<\/p>\n<\/div><\/section><\/div><div class='flex_column_table av-4o7xzf-b5a01482b87a67b994b5b77e6ae89642 sc-av_one_fourth av-equal-height-column-flextable'>\n<style type=\"text\/css\" data-created_by=\"avia_inline_auto\" id=\"style-css-av-4o7xzf-b5a01482b87a67b994b5b77e6ae89642\">\n@keyframes av_boxShadowEffect_av-4o7xzf-b5a01482b87a67b994b5b77e6ae89642-column {\n0%   { box-shadow:  0 0 0 0 rgba(76,76,76,0.35); opacity: 1; }\n100% { box-shadow:  0 0 15px 0 rgba(76,76,76,0.35); opacity: 1; }\n}\n.flex_column.av-4o7xzf-b5a01482b87a67b994b5b77e6ae89642{\nwidth:23.5%;\nmargin-left:0;\nbox-shadow: 0 0 15px 0 rgba(76,76,76,0.35);\npadding:20px 20px 20px 20px;\nbackground-color:#ffffff;\n}\n.avia_transform .flex_column.av-4o7xzf-b5a01482b87a67b994b5b77e6ae89642{\nanimation-duration:1.5s;\n}\n#top .flex_column_table.av-equal-height-column-flextable.av-4o7xzf-b5a01482b87a67b994b5b77e6ae89642 .av-flex-placeholder{\nwidth:2%;\n}\n<\/style>\n<div  class='flex_column av-4o7xzf-b5a01482b87a67b994b5b77e6ae89642 av_one_fourth  avia-builder-el-7  el_after_av_one_full  el_before_av_one_fourth  first flex_column_table_cell av-equal-height-column av-align-top av-animated-generic left-to-right shadow-not-animated  column-top-margin'     ><p>\n<style type=\"text\/css\" data-created_by=\"avia_inline_auto\" id=\"style-css-av-4hglyb-2559ae54e39d9fd3d2ab661124e29ae3\">\n.av_font_icon.av-4hglyb-2559ae54e39d9fd3d2ab661124e29ae3{\ncolor:#e0932f;\nborder-color:#e0932f;\n}\n.avia-svg-icon.av-4hglyb-2559ae54e39d9fd3d2ab661124e29ae3 svg:first-child{\nstroke:#e0932f;\nfill:#e0932f;\n}\n.av_font_icon.av-4hglyb-2559ae54e39d9fd3d2ab661124e29ae3 .av-icon-char{\nfont-size:80px;\nline-height:80px;\n}\n<\/style>\n<span  class='av_font_icon av-4hglyb-2559ae54e39d9fd3d2ab661124e29ae3 avia_animate_when_visible av-icon-style- avia-icon-pos-left avia-iconfont avia-font-flaticon_pousada_light avia-icon-animate'><span class='av-icon-char' data-av_icon='' data-av_iconfont='flaticon_pousada_light' aria-hidden=\"true\" ><\/span><\/span><br \/>\n\n<style type=\"text\/css\" data-created_by=\"avia_inline_auto\" id=\"style-css-av-4djduj-7591080dbb0dc88ca49aa43cac20bdcc\">\n#top .hr.av-4djduj-7591080dbb0dc88ca49aa43cac20bdcc{\nmargin-top:0px;\nmargin-bottom:0px;\n}\n.hr.av-4djduj-7591080dbb0dc88ca49aa43cac20bdcc .hr-inner{\nwidth:350px;\nborder-color:#edebe8;\n}\n<\/style>\n<div  class='hr av-4djduj-7591080dbb0dc88ca49aa43cac20bdcc hr-custom  avia-builder-el-9  el_after_av_font_icon  el_before_av_heading  hr-left hr-icon-no'><span class='hr-inner inner-border-av-border-thin'><span class=\"hr-inner-style\"><\/span><\/span><\/div><br \/>\n\n<style type=\"text\/css\" data-created_by=\"avia_inline_auto\" id=\"style-css-av-46f963-e75bcb20596c544096d1e8c983c4570e\">\n#top .av-special-heading.av-46f963-e75bcb20596c544096d1e8c983c4570e{\npadding-bottom:10px;\n}\nbody .av-special-heading.av-46f963-e75bcb20596c544096d1e8c983c4570e .av-special-heading-tag .heading-char{\nfont-size:25px;\n}\n.av-special-heading.av-46f963-e75bcb20596c544096d1e8c983c4570e .av-subheading{\nfont-size:15px;\n}\n<\/style>\n<div  id=\"tit-esquerda\"  class='av-special-heading av-46f963-e75bcb20596c544096d1e8c983c4570e av-special-heading-h3 blockquote modern-quote modern-right  avia-builder-el-10  el_after_av_hr  avia-builder-el-last '><h3 class='av-special-heading-tag '  itemprop=\"headline\"  >Estacionamento Privativo<\/h3><div class='av-subheading av-subheading_below'><p>Todos apartamentos possuem garagem privativa sendo que: \u00c9 fornecido 2 vagas de garagem nas unidades 102 e 202 do Martha Schwants e 1 vaga nas demais unidades.<\/p>\n<\/div><div class=\"special-heading-border\"><div class=\"special-heading-inner-border\"><\/div><\/div><\/div><\/p><\/div><div class='av-flex-placeholder'><\/div>\n<style type=\"text\/css\" data-created_by=\"avia_inline_auto\" id=\"style-css-av-4sfb23-a687b9a8a22d24a0d30f6168ccc39058\">\n@keyframes av_boxShadowEffect_av-4sfb23-a687b9a8a22d24a0d30f6168ccc39058-column {\n0%   { box-shadow:  0 0 0 0 rgba(76,76,76,0.35); opacity: 1; }\n100% { box-shadow:  0 0 15px 0 rgba(76,76,76,0.35); opacity: 1; }\n}\n.flex_column.av-4sfb23-a687b9a8a22d24a0d30f6168ccc39058{\nwidth:23.5%;\nmargin-left:0;\nbox-shadow: 0 0 15px 0 rgba(76,76,76,0.35);\npadding:20px 20px 20px 20px;\nbackground-color:#ffffff;\n}\n.avia_transform .flex_column.av-4sfb23-a687b9a8a22d24a0d30f6168ccc39058{\nanimation-duration:1.5s;\n}\n#top .flex_column_table.av-equal-height-column-flextable.av-4sfb23-a687b9a8a22d24a0d30f6168ccc39058 .av-flex-placeholder{\nwidth:2%;\n}\n<\/style>\n<div  class='flex_column av-4sfb23-a687b9a8a22d24a0d30f6168ccc39058 av_one_fourth  avia-builder-el-11  el_after_av_one_fourth  el_before_av_one_fourth  flex_column_table_cell av-equal-height-column av-align-top av-animated-generic left-to-right shadow-not-animated  column-top-margin'     ><p>\n<style type=\"text\/css\" data-created_by=\"avia_inline_auto\" id=\"style-css-av-gnzmr-3cab81ecef17390960c39a17d52abed8\">\n.av_font_icon.av-gnzmr-3cab81ecef17390960c39a17d52abed8{\ncolor:#e0932f;\nborder-color:#e0932f;\n}\n.avia-svg-icon.av-gnzmr-3cab81ecef17390960c39a17d52abed8 svg:first-child{\nstroke:#e0932f;\nfill:#e0932f;\n}\n.av_font_icon.av-gnzmr-3cab81ecef17390960c39a17d52abed8 .av-icon-char{\nfont-size:80px;\nline-height:80px;\n}\n<\/style>\n<span  class='av_font_icon av-gnzmr-3cab81ecef17390960c39a17d52abed8 avia_animate_when_visible av-icon-style- avia-icon-pos-left avia-iconfont avia-font-flaticon_pousada_light avia-icon-animate'><span class='av-icon-char' data-av_icon='' data-av_iconfont='flaticon_pousada_light' aria-hidden=\"true\" ><\/span><\/span><br \/>\n\n<style type=\"text\/css\" data-created_by=\"avia_inline_auto\" id=\"style-css-av-4gc3mb-f2dd4cb7371ba8cf8c853a4c12bc240c\">\n#top .hr.av-4gc3mb-f2dd4cb7371ba8cf8c853a4c12bc240c{\nmargin-top:0px;\nmargin-bottom:0px;\n}\n.hr.av-4gc3mb-f2dd4cb7371ba8cf8c853a4c12bc240c .hr-inner{\nwidth:350px;\nborder-color:#edebe8;\n}\n<\/style>\n<div  class='hr av-4gc3mb-f2dd4cb7371ba8cf8c853a4c12bc240c hr-custom  avia-builder-el-13  el_after_av_font_icon  el_before_av_heading  hr-left hr-icon-no'><span class='hr-inner inner-border-av-border-thin'><span class=\"hr-inner-style\"><\/span><\/span><\/div><br \/>\n\n<style type=\"text\/css\" data-created_by=\"avia_inline_auto\" id=\"style-css-av-48a97f-173cdbc8d4720784fc5b23b2085571c2\">\n#top .av-special-heading.av-48a97f-173cdbc8d4720784fc5b23b2085571c2{\npadding-bottom:10px;\n}\nbody .av-special-heading.av-48a97f-173cdbc8d4720784fc5b23b2085571c2 .av-special-heading-tag .heading-char{\nfont-size:25px;\n}\n.av-special-heading.av-48a97f-173cdbc8d4720784fc5b23b2085571c2 .av-subheading{\nfont-size:15px;\n}\n<\/style>\n<div  id=\"tit-esquerda\"  class='av-special-heading av-48a97f-173cdbc8d4720784fc5b23b2085571c2 av-special-heading-h3 blockquote modern-quote modern-right  avia-builder-el-14  el_after_av_hr  avia-builder-el-last '><h3 class='av-special-heading-tag '  itemprop=\"headline\"  >Transporte<\/h3><div class='av-subheading av-subheading_below'><p>Fornecemos contato para transporte da esta\u00e7\u00e3o ferrovi\u00e1ria de vit\u00f3ria e aeroporto Eurico Sales desde que solicitado previamente.<\/p>\n<\/div><div class=\"special-heading-border\"><div class=\"special-heading-inner-border\"><\/div><\/div><\/div><\/p><\/div><div class='av-flex-placeholder'><\/div>\n<style type=\"text\/css\" data-created_by=\"avia_inline_auto\" id=\"style-css-av-40zug3-6a23eec4f4dd91231db7240d06fc5220\">\n@keyframes av_boxShadowEffect_av-40zug3-6a23eec4f4dd91231db7240d06fc5220-column {\n0%   { box-shadow:  0 0 0 0 rgba(76,76,76,0.35); opacity: 1; }\n100% { box-shadow:  0 0 15px 0 rgba(76,76,76,0.35); opacity: 1; }\n}\n.flex_column.av-40zug3-6a23eec4f4dd91231db7240d06fc5220{\nwidth:23.5%;\nmargin-left:0;\nbox-shadow: 0 0 15px 0 rgba(76,76,76,0.35);\npadding:20px 20px 20px 20px;\nbackground-color:#ffffff;\n}\n.avia_transform .flex_column.av-40zug3-6a23eec4f4dd91231db7240d06fc5220{\nanimation-duration:1.5s;\n}\n#top .flex_column_table.av-equal-height-column-flextable.av-40zug3-6a23eec4f4dd91231db7240d06fc5220 .av-flex-placeholder{\nwidth:2%;\n}\n<\/style>\n<div  class='flex_column av-40zug3-6a23eec4f4dd91231db7240d06fc5220 av_one_fourth  avia-builder-el-15  el_after_av_one_fourth  el_before_av_one_fourth  flex_column_table_cell av-equal-height-column av-align-top av-animated-generic left-to-right shadow-not-animated  column-top-margin'     ><p>\n<style type=\"text\/css\" data-created_by=\"avia_inline_auto\" id=\"style-css-av-3xfqkb-f753053f32783317dfc5c0926bc64d3e\">\n.av_font_icon.av-3xfqkb-f753053f32783317dfc5c0926bc64d3e{\ncolor:#e0932f;\nborder-color:#e0932f;\n}\n.avia-svg-icon.av-3xfqkb-f753053f32783317dfc5c0926bc64d3e svg:first-child{\nstroke:#e0932f;\nfill:#e0932f;\n}\n.av_font_icon.av-3xfqkb-f753053f32783317dfc5c0926bc64d3e .av-icon-char{\nfont-size:80px;\nline-height:80px;\n}\n<\/style>\n<span  class='av_font_icon av-3xfqkb-f753053f32783317dfc5c0926bc64d3e avia_animate_when_visible av-icon-style- avia-icon-pos-left avia-iconfont avia-font-flaticon_pousada_light avia-icon-animate'><span class='av-icon-char' data-av_icon='' data-av_iconfont='flaticon_pousada_light' aria-hidden=\"true\" ><\/span><\/span><br \/>\n\n<style type=\"text\/css\" data-created_by=\"avia_inline_auto\" id=\"style-css-av-3os1vv-4de31097e266d023d5aab0258d89d24d\">\n#top .hr.av-3os1vv-4de31097e266d023d5aab0258d89d24d{\nmargin-top:0px;\nmargin-bottom:0px;\n}\n.hr.av-3os1vv-4de31097e266d023d5aab0258d89d24d .hr-inner{\nwidth:350px;\nborder-color:#edebe8;\n}\n<\/style>\n<div  class='hr av-3os1vv-4de31097e266d023d5aab0258d89d24d hr-custom  avia-builder-el-17  el_after_av_font_icon  el_before_av_heading  hr-left hr-icon-no'><span class='hr-inner inner-border-av-border-thin'><span class=\"hr-inner-style\"><\/span><\/span><\/div><br \/>\n\n<style type=\"text\/css\" data-created_by=\"avia_inline_auto\" id=\"style-css-av-3lbf03-445e9d953147e625aeffe9142db9e15e\">\n#top .av-special-heading.av-3lbf03-445e9d953147e625aeffe9142db9e15e{\npadding-bottom:10px;\n}\nbody .av-special-heading.av-3lbf03-445e9d953147e625aeffe9142db9e15e .av-special-heading-tag .heading-char{\nfont-size:25px;\n}\n.av-special-heading.av-3lbf03-445e9d953147e625aeffe9142db9e15e .av-subheading{\nfont-size:15px;\n}\n<\/style>\n<div  id=\"tit-esquerda\"  class='av-special-heading av-3lbf03-445e9d953147e625aeffe9142db9e15e av-special-heading-h3 blockquote modern-quote modern-right  avia-builder-el-18  el_after_av_hr  avia-builder-el-last '><h3 class='av-special-heading-tag '  itemprop=\"headline\"  >Taxa de Servi\u00e7o<\/h3><div class='av-subheading av-subheading_below'><p>Taxa n\u00e3o inclusa no valor da reserva e \u00e9 cobrada 1 unica vez. Esta taxa \u00e9 para pagamento de servi\u00e7o terceirizado de check-in e Check-out, limpeza do apartamento e tamb\u00e9m para atender o hospede no que necessitar no per\u00edodo em que estiver hospedado.<\/p>\n<\/div><div class=\"special-heading-border\"><div class=\"special-heading-inner-border\"><\/div><\/div><\/div><\/p><\/div><div class='av-flex-placeholder'><\/div>\n<style type=\"text\/css\" data-created_by=\"avia_inline_auto\" id=\"style-css-av-fzhor-15d2e28d364c76c1cd5b26b3456e4cec\">\n@keyframes av_boxShadowEffect_av-fzhor-15d2e28d364c76c1cd5b26b3456e4cec-column {\n0%   { box-shadow:  0 0 0 0 rgba(76,76,76,0.35); opacity: 1; }\n100% { box-shadow:  0 0 15px 0 rgba(76,76,76,0.35); opacity: 1; }\n}\n.flex_column.av-fzhor-15d2e28d364c76c1cd5b26b3456e4cec{\nwidth:23.5%;\nmargin-left:0;\nbox-shadow: 0 0 15px 0 rgba(76,76,76,0.35);\npadding:20px 20px 20px 20px;\nbackground-color:#ffffff;\n}\n.avia_transform .flex_column.av-fzhor-15d2e28d364c76c1cd5b26b3456e4cec{\nanimation-duration:1.5s;\n}\n#top .flex_column_table.av-equal-height-column-flextable.av-fzhor-15d2e28d364c76c1cd5b26b3456e4cec .av-flex-placeholder{\nwidth:2%;\n}\n<\/style>\n<div  class='flex_column av-fzhor-15d2e28d364c76c1cd5b26b3456e4cec av_one_fourth  avia-builder-el-19  el_after_av_one_fourth  avia-builder-el-last  flex_column_table_cell av-equal-height-column av-align-top av-animated-generic left-to-right shadow-not-animated  column-top-margin'     ><p>\n<style type=\"text\/css\" data-created_by=\"avia_inline_auto\" id=\"style-css-av-lmgbxnhb-d5aadc5e0b9ac3a9e47c467cc51da65e\">\n.av_font_icon.av-lmgbxnhb-d5aadc5e0b9ac3a9e47c467cc51da65e{\ncolor:#e0932f;\nborder-color:#e0932f;\n}\n.avia-svg-icon.av-lmgbxnhb-d5aadc5e0b9ac3a9e47c467cc51da65e svg:first-child{\nstroke:#e0932f;\nfill:#e0932f;\n}\n.av_font_icon.av-lmgbxnhb-d5aadc5e0b9ac3a9e47c467cc51da65e .av-icon-char{\nfont-size:80px;\nline-height:80px;\n}\n<\/style>\n<span  class='av_font_icon av-lmgbxnhb-d5aadc5e0b9ac3a9e47c467cc51da65e avia_animate_when_visible av-icon-style- avia-icon-pos-left avia-iconfont avia-font-flaticon_pousada_light avia-icon-animate'><span class='av-icon-char' data-av_icon='' data-av_iconfont='flaticon_pousada_light' aria-hidden=\"true\" ><\/span><\/span><br \/>\n\n<style type=\"text\/css\" data-created_by=\"avia_inline_auto\" id=\"style-css-av-7mwp7-41498b5335fd8bfc17eb35c31a53651c\">\n#top .hr.av-7mwp7-41498b5335fd8bfc17eb35c31a53651c{\nmargin-top:0px;\nmargin-bottom:0px;\n}\n.hr.av-7mwp7-41498b5335fd8bfc17eb35c31a53651c .hr-inner{\nwidth:350px;\nborder-color:#edebe8;\n}\n<\/style>\n<div  class='hr av-7mwp7-41498b5335fd8bfc17eb35c31a53651c hr-custom  avia-builder-el-21  el_after_av_font_icon  el_before_av_heading  hr-left hr-icon-no'><span class='hr-inner inner-border-av-border-thin'><span class=\"hr-inner-style\"><\/span><\/span><\/div><br \/>\n\n<style type=\"text\/css\" data-created_by=\"avia_inline_auto\" id=\"style-css-av-lmgby4fh-b753d68eadb97249a4cf0c461717fc8d\">\n#top .av-special-heading.av-lmgby4fh-b753d68eadb97249a4cf0c461717fc8d{\npadding-bottom:10px;\n}\nbody .av-special-heading.av-lmgby4fh-b753d68eadb97249a4cf0c461717fc8d .av-special-heading-tag .heading-char{\nfont-size:25px;\n}\n.av-special-heading.av-lmgby4fh-b753d68eadb97249a4cf0c461717fc8d .av-subheading{\nfont-size:15px;\n}\n<\/style>\n<div  id=\"tit-esquerda\"  class='av-special-heading av-lmgby4fh-b753d68eadb97249a4cf0c461717fc8d av-special-heading-h3 blockquote modern-quote modern-right  avia-builder-el-22  el_after_av_hr  avia-builder-el-last '><h3 class='av-special-heading-tag '  itemprop=\"headline\"  >Lavanderia<\/h3><div class='av-subheading av-subheading_below'><p>Servi\u00e7o de lavanderia \u00e9 terceirizado e fornecido desde que solicitado previamente, contendo:<br \/>\nKit Cama possui: 1 len\u00e7ol para cama, 1 para cobrir e travesseiro ao custo de R$50,00\/kit<br \/>\nKit Banho possui: 2 toalhas de banho e 1 sabonete ao custo de R$50,00\/kit<\/p>\n<\/div><div class=\"special-heading-border\"><div class=\"special-heading-inner-border\"><\/div><\/div><\/div><\/p><\/div><\/div><!--close column table wrapper. Autoclose: 1 -->\n\n","protected":false},"excerpt":{"rendered":"","protected":false},"author":1,"featured_media":0,"parent":0,"menu_order":0,"comment_status":"closed","ping_status":"closed","template":"","meta":{"footnotes":""},"class_list":["post-123","page","type-page","status-publish","hentry","post-type-page","post-slug-servicos","page-slug-servicos"],"_links":{"self":[{"href":"https:\/\/locacoesalonso.com.br\/index.php?rest_route=\/wp\/v2\/pages\/123","targetHints":{"allow":["GET"]}}],"collection":[{"href":"https:\/\/locacoesalonso.com.br\/index.php?rest_route=\/wp\/v2\/pages"}],"about":[{"href":"https:\/\/locacoesalonso.com.br\/index.php?rest_route=\/wp\/v2\/types\/page"}],"author":[{"embeddable":true,"href":"https:\/\/locacoesalonso.com.br\/index.php?rest_route=\/wp\/v2\/users\/1"}],"replies":[{"embeddable":true,"href":"https:\/\/locacoesalonso.com.br\/index.php?rest_route=%2Fwp%2Fv2%2Fcomments&post=123"}],"version-history":[{"count":10,"href":"https:\/\/locacoesalonso.com.br\/index.php?rest_route=\/wp\/v2\/pages\/123\/revisions"}],"predecessor-version":[{"id":4178,"href":"https:\/\/locacoesalonso.com.br\/index.php?rest_route=\/wp\/v2\/pages\/123\/revisions\/4178"}],"wp:attachment":[{"href":"https:\/\/locacoesalonso.com.br\/index.php?rest_route=%2Fwp%2Fv2%2Fmedia&parent=123"}],"curies":[{"name":"wp","href":"https:\/\/api.w.org\/{rel}","templated":true}]}}